{"id":475,"date":"2026-05-01T17:34:02","date_gmt":"2026-05-01T17:34:02","guid":{"rendered":"https:\/\/naturzeit-xtina.de\/wordpress\/?page_id=475"},"modified":"2026-05-01T17:34:02","modified_gmt":"2026-05-01T17:34:02","slug":"datenschutzerklaerung","status":"publish","type":"page","link":"https:\/\/naturzeit-xtina.de\/wordpress\/index.php\/datenschutzerklaerung\/","title":{"rendered":"Datenschutzerkl\u00e4rung"},"content":{"rendered":"\n<ol class=\"wp-block-list\">\n<li>Allgemeine Hinweise<br>Der Schutz Ihrer pers\u00f6nlichen Daten ist mir wichtig. Ihre Daten werden vertraulich und entsprechend der gesetzlichen Datenschutzvorschriften behandelt.<\/li>\n\n\n\n<li>Verantwortlicher<br>Dr. Cristina Gonz\u00e1lez Mart\u00ednez<br>Elsa-Br\u00e4ndstr\u00f6m-Stra\u00dfe 65203 &#8211; Bieberich<br>Germany<br>Extina@outlook.es<\/li>\n\n\n\n<li>Zugriffsdaten (Server-Logfiles)<br>Beim Besuch dieser Website werden automatisch Informationen erhoben (z. B. Browser, Betriebssystem, Uhrzeit). Diese Daten dienen ausschlie\u00dflich der technischen Sicherheit und werden nicht zur Identifikation verwendet.<\/li>\n\n\n\n<li>Kontaktaufnahme<br>Wenn Sie mich per E-Mail kontaktieren, werden Ihre Angaben zur Bearbeitung der Anfrage gespeichert. Diese Daten gebe ich nicht ohne Ihre Einwilligung weiter.<\/li>\n\n\n\n<li>Cookies<br>Diese Website kann Cookies verwenden. Cookies richten keinen Schaden an und dienen dazu, das Angebot nutzerfreundlicher zu machen. Sie k\u00f6nnen Cookies in Ihrem Browser deaktivieren.<\/li>\n\n\n\n<li>Ihre Rechte<br>Sie haben das Recht auf Auskunft, Berichtigung, L\u00f6schung oder Einschr\u00e4nkung der Verarbeitung Ihrer Daten.<br>Kontaktieren Sie mich dazu per E-Mail.<\/li>\n\n\n\n<li>SSL-\/TLS-Verschl\u00fcsselung<br>Diese Seite nutzt eine sichere Verbindung (HTTPS), um \u00fcbertragene Daten zu sch\u00fctzen.<\/li>\n<\/ol>\n","protected":false},"excerpt":{"rendered":"","protected":false},"author":1,"featured_media":0,"parent":0,"menu_order":0,"comment_status":"closed","ping_status":"closed","template":"","meta":{"_kadence_starter_templates_imported_post":false,"_kad_post_transparent":"","_kad_post_title":"","_kad_post_layout":"","_kad_post_sidebar_id":"","_kad_post_content_style":"","_kad_post_vertical_padding":"","_kad_post_feature":"","_kad_post_feature_position":"","_kad_post_header":false,"_kad_post_footer":false,"_kad_post_classname":"","footnotes":""},"class_list":["post-475","page","type-page","status-publish","hentry"],"_links":{"self":[{"href":"https:\/\/naturzeit-xtina.de\/wordpress\/index.php\/wp-json\/wp\/v2\/pages\/475","targetHints":{"allow":["GET"]}}],"collection":[{"href":"https:\/\/naturzeit-xtina.de\/wordpress\/index.php\/wp-json\/wp\/v2\/pages"}],"about":[{"href":"https:\/\/naturzeit-xtina.de\/wordpress\/index.php\/wp-json\/wp\/v2\/types\/page"}],"author":[{"embeddable":true,"href":"https:\/\/naturzeit-xtina.de\/wordpress\/index.php\/wp-json\/wp\/v2\/users\/1"}],"replies":[{"embeddable":true,"href":"https:\/\/naturzeit-xtina.de\/wordpress\/index.php\/wp-json\/wp\/v2\/comments?post=475"}],"version-history":[{"count":1,"href":"https:\/\/naturzeit-xtina.de\/wordpress\/index.php\/wp-json\/wp\/v2\/pages\/475\/revisions"}],"predecessor-version":[{"id":476,"href":"https:\/\/naturzeit-xtina.de\/wordpress\/index.php\/wp-json\/wp\/v2\/pages\/475\/revisions\/476"}],"wp:attachment":[{"href":"https:\/\/naturzeit-xtina.de\/wordpress\/index.php\/wp-json\/wp\/v2\/media?parent=475"}],"curies":[{"name":"wp","href":"https:\/\/api.w.org\/{rel}","templated":true}]}}