{"id":473,"date":"2026-05-01T17:26:54","date_gmt":"2026-05-01T17:26:54","guid":{"rendered":"https:\/\/naturzeit-xtina.de\/wordpress\/?page_id=473"},"modified":"2026-05-01T17:26:54","modified_gmt":"2026-05-01T17:26:54","slug":"impressum","status":"publish","type":"page","link":"https:\/\/naturzeit-xtina.de\/wordpress\/index.php\/impressum\/","title":{"rendered":"Impressum"},"content":{"rendered":"\n<p>Angaben gem\u00e4\u00df \u00a7 5 TMG<\/p>\n\n\n\n<p>Dr. Cristina Gonz\u00e1lez Mart\u00ednez<br>Elsa-Br\u00e4ndstr\u00f6m-Stra\u00dfe<\/p>\n\n\n\n<p>65203 &#8211; Bieberich<br>Germany<\/p>\n\n\n\n<p>Kontakt:Dr. Cristina Gonz\u00e1lez Mart\u00ednez<br>Telefon: +49 177 4125510<br>E-Mail: xtina@outlook.es<\/p>\n\n\n\n<p>Verantwortlich f\u00fcr den Inhalt nach \u00a7 55 Abs. 2 RStV:<br>Jean Luc Funck<br>Webergasse,22 \u2013 65180 Wiesbaden<\/p>\n\n\n\n<p>Haftung f\u00fcr Inhalte:<br>Die Inhalte unserer Seiten wurden mit gr\u00f6\u00dfter Sorgfalt erstellt. F\u00fcr die Richtigkeit, Vollst\u00e4ndigkeit und Aktualit\u00e4t der Inhalte k\u00f6nnen wir jedoch keine Gew\u00e4hr \u00fcbernehmen.<\/p>\n","protected":false},"excerpt":{"rendered":"<p>Angaben gem\u00e4\u00df \u00a7 5 TMG Dr. Cristina Gonz\u00e1lez Mart\u00ednezElsa-Br\u00e4ndstr\u00f6m-Stra\u00dfe 65203 &#8211; BieberichGermany Kontakt:Dr. Cristina Gonz\u00e1lez Mart\u00ednezTelefon: +49 177 4125510E-Mail: xtina@outlook.es Verantwortlich f\u00fcr den Inhalt nach \u00a7 55 Abs. 2 RStV:Jean Luc FunckWebergasse,22 \u2013 65180 Wiesbaden Haftung f\u00fcr Inhalte:Die Inhalte unserer Seiten wurden mit gr\u00f6\u00dfter Sorgfalt erstellt. F\u00fcr die Richtigkeit, Vollst\u00e4ndigkeit und Aktualit\u00e4t der Inhalte k\u00f6nnen&#8230;<\/p>\n","protected":false},"author":1,"featured_media":0,"parent":0,"menu_order":0,"comment_status":"closed","ping_status":"closed","template":"","meta":{"_kadence_starter_templates_imported_post":false,"_kad_post_transparent":"","_kad_post_title":"","_kad_post_layout":"","_kad_post_sidebar_id":"","_kad_post_content_style":"","_kad_post_vertical_padding":"","_kad_post_feature":"","_kad_post_feature_position":"","_kad_post_header":false,"_kad_post_footer":false,"_kad_post_classname":"","footnotes":""},"class_list":["post-473","page","type-page","status-publish","hentry"],"_links":{"self":[{"href":"https:\/\/naturzeit-xtina.de\/wordpress\/index.php\/wp-json\/wp\/v2\/pages\/473","targetHints":{"allow":["GET"]}}],"collection":[{"href":"https:\/\/naturzeit-xtina.de\/wordpress\/index.php\/wp-json\/wp\/v2\/pages"}],"about":[{"href":"https:\/\/naturzeit-xtina.de\/wordpress\/index.php\/wp-json\/wp\/v2\/types\/page"}],"author":[{"embeddable":true,"href":"https:\/\/naturzeit-xtina.de\/wordpress\/index.php\/wp-json\/wp\/v2\/users\/1"}],"replies":[{"embeddable":true,"href":"https:\/\/naturzeit-xtina.de\/wordpress\/index.php\/wp-json\/wp\/v2\/comments?post=473"}],"version-history":[{"count":1,"href":"https:\/\/naturzeit-xtina.de\/wordpress\/index.php\/wp-json\/wp\/v2\/pages\/473\/revisions"}],"predecessor-version":[{"id":474,"href":"https:\/\/naturzeit-xtina.de\/wordpress\/index.php\/wp-json\/wp\/v2\/pages\/473\/revisions\/474"}],"wp:attachment":[{"href":"https:\/\/naturzeit-xtina.de\/wordpress\/index.php\/wp-json\/wp\/v2\/media?parent=473"}],"curies":[{"name":"wp","href":"https:\/\/api.w.org\/{rel}","templated":true}]}}